{"id":3,"date":"2024-11-07T18:10:36","date_gmt":"2024-11-07T18:10:36","guid":{"rendered":"http:\/\/wedrill.com.br\/engenharia\/?page_id=3"},"modified":"2024-12-03T23:37:48","modified_gmt":"2024-12-03T23:37:48","slug":"politica-de-privacidade","status":"publish","type":"page","link":"https:\/\/wedrill.com.br\/engenharia\/politica-de-privacidade\/","title":{"rendered":"Pol\u00edtica de Privacidade"},"content":{"rendered":"\n<p>A <strong>WEDRILL ENGENHARIA<\/strong> preza pela seguran\u00e7a de seus dados, e tomamos os cuidados necess\u00e1rios para proteg\u00ea-los da melhor forma. Aqui explicaremos brevemente como coletamos, para que utilizamos e como protegemos seus dados!<br><br><strong>Quais dados coletamos<\/strong><br><br><strong>Dados fornecidos por voc\u00ea:&nbsp;<\/strong>Ao realizar o cadastro, voc\u00ea fornece algumas informa\u00e7\u00f5es, como seu nome completo, e-mail, endere\u00e7o, entre outros.<br><br><\/p>\n\n\n\n<h3 class=\"wp-block-heading\">Cookies<\/h3>\n\n\n\n<p>Cookies s\u00e3o pequenos arquivos de dados que s\u00e3o colocados no seu computador ou em outros dispositivos (como &#8216;smartphones&#8217; ou &#8216;tablets&#8217;) enquanto voc\u00ea navega no site.<\/p>\n\n\n\n<p>Utilizamos cookies, pixels e outras tecnologias (coletivamente, &#8220;cookies&#8221;) para reconhecer seu navegador ou dispositivo, aprender mais sobre seus interesses, fornecer recursos e servi\u00e7os essenciais e tamb\u00e9m para:<\/p>\n\n\n\n<ul class=\"wp-block-list\">\n<li>acompanhar suas prefer\u00eancias para enviar somente an\u00fancios de seu interesse. Voc\u00ea pode definir suas prefer\u00eancias por meio de sua conta;<\/li>\n\n\n\n<li>acompanhar os itens armazenados no seu carrinho de or\u00e7amento;<\/li>\n\n\n\n<li>realiza\u00e7\u00e3o de pesquisas e diagn\u00f3sticos para melhorar o conte\u00fado, produtos e servi\u00e7os;<\/li>\n\n\n\n<li>impedir atividades fraudulentas;<\/li>\n\n\n\n<li>melhorar a seguran\u00e7a.<\/li>\n<\/ul>\n\n\n\n<p>Se voc\u00ea bloquear ou rejeitar nossos cookies, n\u00e3o poder\u00e1 adicionar itens ao seu carrinho de or\u00e7amento, prosseguir para o checkout ou usar nossos produtos e servi\u00e7os que exijam login.<\/p>\n\n\n\n<p>Clique em &#8216;Ajuda&#8217;, nas configura\u00e7\u00f5es do seu navegador, para saber como impedi-lo de aceitar cookies e para ser notificado quando receber novos; para ver quando eles expiram e para desativ\u00e1-los. Nos links abaixo voc\u00ea encontra mais detalhes sobre como desativar os cookies dos navegadores mais populares:<\/p>\n\n\n\n<p><br><strong>Internet Explorer:<\/strong><br><a href=\"https:\/\/support.microsoft.com\/pt-br\/help\/17442\/windows-internet-explorer-delete-manage-cookies\" target=\"_blank\" rel=\"noreferrer noopener\">https:\/\/support.microsoft.com\/pt-br\/help\/17442\/windows-internet-explorer-delete-manage-cookies<\/a><br><br><strong>Mozilla Firefox:<\/strong><br><a href=\"https:\/\/support.mozilla.org\/pt-BR\/kb\/ative-e-desative-os-cookies-que-os-sites-usam\" target=\"_blank\" rel=\"noreferrer noopener\">https:\/\/support.mozilla.org\/pt-BR\/kb\/ative-e-desative-os-cookies-que-os-sites-usam<\/a><br><br><strong>Google Chrome:&nbsp;<\/strong><br><a href=\"https:\/\/support.google.com\/accounts\/answer\/61416?co=GENIE.Platform%3DDesktop&amp;hl=pt-BR\">https:\/\/support.google.com\/accounts\/answer\/61416?co=GENIE.Platform%3DDesktop&amp;hl=pt-BR<\/a><br><br><strong>Safari:&nbsp;<\/strong><br><a href=\"https:\/\/support.apple.com\/pt-br\/guide\/safari\/sfri11471\/mac\">https:\/\/support.apple.com\/pt-br\/guide\/safari\/sfri11471\/mac<\/a><br><br><\/p>\n\n\n\n<h3 class=\"wp-block-heading\">O que fazemos com seus dados?<\/h3>\n\n\n\n<p><br><strong>Comunica\u00e7\u00e3o:<\/strong>&nbsp;Utilizamos seus dados cadastrais para envios de Newsletters, e-mails promocionais, pesquisas sobre nossos produtos, atendimentos e servi\u00e7os. Caso n\u00e3o queira receber nossos e-mails informativos, disponibilizamos a op\u00e7\u00e3o de \u201cDescadastramento\u201d nos e-mails enviados.<br><br><strong>An\u00e1lises:<\/strong>&nbsp;Utilizamos os dados para criarmos estat\u00edsticas de uso do site, regi\u00f5es com mais acesso, perfis de compras, buscando sempre oferecer o melhor produto e atendimento aos clientes e parceiros.<br><br><br><br><strong>Como mantemos seus dados Seguros?<\/strong><\/p>\n\n\n\n<p><br>A WEDRILL ENGENHARIA armazena seus dados em servidores pr\u00f3prios, utilizando m\u00e9todos padr\u00f5es de mercado, com pol\u00edticas de seguran\u00e7a, criptografia, com tecnologias de \u00faltima gera\u00e7\u00e3o. Possu\u00edmos prote\u00e7\u00f5es contra acesso n\u00e3o autorizado \u00e0 nossos sistemas. Aqueles que tiverem contato com os dados coletados devem se comprometer a manter sigilo absoluto, havendo consequ\u00eancias moldadas na legisla\u00e7\u00e3o brasileira em caso de quebra de sigilo.<br><br>A WEDRILL ENGENHARIA n\u00e3o mede esfor\u00e7os quanto \u00e0 prote\u00e7\u00e3o de dados, por\u00e9m, nada \u00e9 totalmente seguro, e n\u00e3o podemos garantir que os dados nunca sejam alvo de acesso n\u00e3o autorizado, visto que m\u00e9todos para obter informa\u00e7\u00f5es s\u00e3o constantemente atualizados e inovados por atacantes para obter informa\u00e7\u00f5es indevidas. Caso ocorra qualquer tipo de vazamento de dados, a WEDRILL ENGENHARIA utilizar\u00e1 de meios legais para comunicar tanto o Titular dos dados, como a Ag\u00eancia Nacional de Prote\u00e7\u00e3o de Dados.<br><br><strong>Reten\u00e7\u00e3o dos dados:<\/strong>\u00a0As informa\u00e7\u00f5es coletadas pela WEDRILL ENGENHARIA por meio do Site e Cadastro ser\u00e3o automaticamente exclu\u00eddas de nossos servidores no momento em que deixarem de ser \u00fateis para os fins que foram coletados, ou quando o titular solicitar a exclus\u00e3o dos dados. \u00c9 direito do usu\u00e1rio solicitar a exclus\u00e3o dos dados a qualquer momento.<br><br><strong>Contato:<\/strong>\u00a0Voc\u00ea pode entrar em contato conosco pelo e-mail\u00a0<strong><a href=\"mailto:contato@smartseo.com.br\">contato@<\/a>wedrill.com.br <\/strong>ou preenchendo o formul\u00e1rio em nosso\u00a0<em>site<\/em>.<\/p>\n\n\n\n<p><\/p>\n","protected":false},"excerpt":{"rendered":"<p>A WEDRILL ENGENHARIA preza pela seguran\u00e7a de seus dados, e tomamos os cuidados necess\u00e1rios para proteg\u00ea-los da melhor forma. Aqui explicaremos brevemente como coletamos, para que utilizamos e como protegemos seus dados! Quais dados coletamos Dados fornecidos por voc\u00ea:&nbsp;Ao realizar o cadastro, voc\u00ea fornece algumas informa\u00e7\u00f5es, como seu nome completo, e-mail, endere\u00e7o, entre outros. Cookies [&hellip;]<\/p>\n","protected":false},"author":1,"featured_media":0,"parent":0,"menu_order":0,"comment_status":"closed","ping_status":"open","template":"","meta":{"footnotes":""},"class_list":["post-3","page","type-page","status-publish","hentry"],"yoast_head":"<!-- This site is optimized with the Yoast SEO plugin v23.8 - https:\/\/yoast.com\/wordpress\/plugins\/seo\/ -->\n<title>Pol\u00edtica de Privacidade - Wedrill Engenharia<\/title>\n<meta name=\"robots\" content=\"index, follow, max-snippet:-1, max-image-preview:large, max-video-preview:-1\" \/>\n<link rel=\"canonical\" href=\"https:\/\/wedrill.com.br\/engenharia\/politica-de-privacidade\/\" \/>\n<meta property=\"og:locale\" content=\"pt_BR\" \/>\n<meta property=\"og:type\" content=\"article\" \/>\n<meta property=\"og:title\" content=\"Pol\u00edtica de Privacidade - Wedrill Engenharia\" \/>\n<meta property=\"og:description\" content=\"A WEDRILL ENGENHARIA preza pela seguran\u00e7a de seus dados, e tomamos os cuidados necess\u00e1rios para proteg\u00ea-los da melhor forma. Aqui explicaremos brevemente como coletamos, para que utilizamos e como protegemos seus dados! Quais dados coletamos Dados fornecidos por voc\u00ea:&nbsp;Ao realizar o cadastro, voc\u00ea fornece algumas informa\u00e7\u00f5es, como seu nome completo, e-mail, endere\u00e7o, entre outros. Cookies [&hellip;]\" \/>\n<meta property=\"og:url\" content=\"https:\/\/wedrill.com.br\/engenharia\/politica-de-privacidade\/\" \/>\n<meta property=\"og:site_name\" content=\"Wedrill Engenharia\" \/>\n<meta property=\"article:modified_time\" content=\"2024-12-03T23:37:48+00:00\" \/>\n<meta name=\"twitter:card\" content=\"summary_large_image\" \/>\n<meta name=\"twitter:label1\" content=\"Est. tempo de leitura\" \/>\n\t<meta name=\"twitter:data1\" content=\"3 minutos\" \/>\n<script type=\"application\/ld+json\" class=\"yoast-schema-graph\">{\"@context\":\"https:\/\/schema.org\",\"@graph\":[{\"@type\":\"WebPage\",\"@id\":\"https:\/\/wedrill.com.br\/engenharia\/politica-de-privacidade\/\",\"url\":\"https:\/\/wedrill.com.br\/engenharia\/politica-de-privacidade\/\",\"name\":\"Pol\u00edtica de Privacidade - Wedrill Engenharia\",\"isPartOf\":{\"@id\":\"https:\/\/wedrill.com.br\/engenharia\/#website\"},\"datePublished\":\"2024-11-07T18:10:36+00:00\",\"dateModified\":\"2024-12-03T23:37:48+00:00\",\"breadcrumb\":{\"@id\":\"https:\/\/wedrill.com.br\/engenharia\/politica-de-privacidade\/#breadcrumb\"},\"inLanguage\":\"pt-BR\",\"potentialAction\":[{\"@type\":\"ReadAction\",\"target\":[\"https:\/\/wedrill.com.br\/engenharia\/politica-de-privacidade\/\"]}]},{\"@type\":\"BreadcrumbList\",\"@id\":\"https:\/\/wedrill.com.br\/engenharia\/politica-de-privacidade\/#breadcrumb\",\"itemListElement\":[{\"@type\":\"ListItem\",\"position\":1,\"name\":\"In\u00edcio\",\"item\":\"https:\/\/wedrill.com.br\/engenharia\/\"},{\"@type\":\"ListItem\",\"position\":2,\"name\":\"Pol\u00edtica de Privacidade\"}]},{\"@type\":\"WebSite\",\"@id\":\"https:\/\/wedrill.com.br\/engenharia\/#website\",\"url\":\"https:\/\/wedrill.com.br\/engenharia\/\",\"name\":\"Wedrill Engenharia\",\"description\":\"A Wedrill \u00e9 especialista em desmonte de rochas e perfura\u00e7\u00e3o MND, oferecendo servi\u00e7os de alta complexidade com seguran\u00e7a, efici\u00eancia e uso de tecnologia avan\u00e7ada.\",\"potentialAction\":[{\"@type\":\"SearchAction\",\"target\":{\"@type\":\"EntryPoint\",\"urlTemplate\":\"https:\/\/wedrill.com.br\/engenharia\/?s={search_term_string}\"},\"query-input\":{\"@type\":\"PropertyValueSpecification\",\"valueRequired\":true,\"valueName\":\"search_term_string\"}}],\"inLanguage\":\"pt-BR\"}]}<\/script>\n<!-- \/ Yoast SEO plugin. -->","yoast_head_json":{"title":"Pol\u00edtica de Privacidade - Wedrill Engenharia","robots":{"index":"index","follow":"follow","max-snippet":"max-snippet:-1","max-image-preview":"max-image-preview:large","max-video-preview":"max-video-preview:-1"},"canonical":"https:\/\/wedrill.com.br\/engenharia\/politica-de-privacidade\/","og_locale":"pt_BR","og_type":"article","og_title":"Pol\u00edtica de Privacidade - Wedrill Engenharia","og_description":"A WEDRILL ENGENHARIA preza pela seguran\u00e7a de seus dados, e tomamos os cuidados necess\u00e1rios para proteg\u00ea-los da melhor forma. Aqui explicaremos brevemente como coletamos, para que utilizamos e como protegemos seus dados! Quais dados coletamos Dados fornecidos por voc\u00ea:&nbsp;Ao realizar o cadastro, voc\u00ea fornece algumas informa\u00e7\u00f5es, como seu nome completo, e-mail, endere\u00e7o, entre outros. Cookies [&hellip;]","og_url":"https:\/\/wedrill.com.br\/engenharia\/politica-de-privacidade\/","og_site_name":"Wedrill Engenharia","article_modified_time":"2024-12-03T23:37:48+00:00","twitter_card":"summary_large_image","twitter_misc":{"Est. tempo de leitura":"3 minutos"},"schema":{"@context":"https:\/\/schema.org","@graph":[{"@type":"WebPage","@id":"https:\/\/wedrill.com.br\/engenharia\/politica-de-privacidade\/","url":"https:\/\/wedrill.com.br\/engenharia\/politica-de-privacidade\/","name":"Pol\u00edtica de Privacidade - Wedrill Engenharia","isPartOf":{"@id":"https:\/\/wedrill.com.br\/engenharia\/#website"},"datePublished":"2024-11-07T18:10:36+00:00","dateModified":"2024-12-03T23:37:48+00:00","breadcrumb":{"@id":"https:\/\/wedrill.com.br\/engenharia\/politica-de-privacidade\/#breadcrumb"},"inLanguage":"pt-BR","potentialAction":[{"@type":"ReadAction","target":["https:\/\/wedrill.com.br\/engenharia\/politica-de-privacidade\/"]}]},{"@type":"BreadcrumbList","@id":"https:\/\/wedrill.com.br\/engenharia\/politica-de-privacidade\/#breadcrumb","itemListElement":[{"@type":"ListItem","position":1,"name":"In\u00edcio","item":"https:\/\/wedrill.com.br\/engenharia\/"},{"@type":"ListItem","position":2,"name":"Pol\u00edtica de Privacidade"}]},{"@type":"WebSite","@id":"https:\/\/wedrill.com.br\/engenharia\/#website","url":"https:\/\/wedrill.com.br\/engenharia\/","name":"Wedrill Engenharia","description":"A Wedrill \u00e9 especialista em desmonte de rochas e perfura\u00e7\u00e3o MND, oferecendo servi\u00e7os de alta complexidade com seguran\u00e7a, efici\u00eancia e uso de tecnologia avan\u00e7ada.","potentialAction":[{"@type":"SearchAction","target":{"@type":"EntryPoint","urlTemplate":"https:\/\/wedrill.com.br\/engenharia\/?s={search_term_string}"},"query-input":{"@type":"PropertyValueSpecification","valueRequired":true,"valueName":"search_term_string"}}],"inLanguage":"pt-BR"}]}},"_links":{"self":[{"href":"https:\/\/wedrill.com.br\/engenharia\/wp-json\/wp\/v2\/pages\/3"}],"collection":[{"href":"https:\/\/wedrill.com.br\/engenharia\/wp-json\/wp\/v2\/pages"}],"about":[{"href":"https:\/\/wedrill.com.br\/engenharia\/wp-json\/wp\/v2\/types\/page"}],"author":[{"embeddable":true,"href":"https:\/\/wedrill.com.br\/engenharia\/wp-json\/wp\/v2\/users\/1"}],"replies":[{"embeddable":true,"href":"https:\/\/wedrill.com.br\/engenharia\/wp-json\/wp\/v2\/comments?post=3"}],"version-history":[{"count":2,"href":"https:\/\/wedrill.com.br\/engenharia\/wp-json\/wp\/v2\/pages\/3\/revisions"}],"predecessor-version":[{"id":380,"href":"https:\/\/wedrill.com.br\/engenharia\/wp-json\/wp\/v2\/pages\/3\/revisions\/380"}],"wp:attachment":[{"href":"https:\/\/wedrill.com.br\/engenharia\/wp-json\/wp\/v2\/media?parent=3"}],"curies":[{"name":"wp","href":"https:\/\/api.w.org\/{rel}","templated":true}]}}